{"id":1325,"date":"2023-07-26T15:03:33","date_gmt":"2023-07-26T15:03:33","guid":{"rendered":"https:\/\/www.montsent-residence.com\/politica-de-cookies\/"},"modified":"2023-07-26T15:11:34","modified_gmt":"2023-07-26T15:11:34","slug":"politica-de-cookies","status":"publish","type":"page","link":"https:\/\/www.montsent-residence.com\/ca\/politica-de-cookies\/","title":{"rendered":"Pol\u00edtica de cookies"},"content":{"rendered":"\t\t<div data-elementor-type=\"wp-page\" data-elementor-id=\"1325\" class=\"elementor elementor-1325 elementor-1321\">\n\t\t\t\t\t\t\t\t\t<section class=\"elementor-section elementor-top-section elementor-element elementor-element-21f18143 elementor-section-boxed elementor-section-height-default elementor-section-height-default\" data-id=\"21f18143\" data-element_type=\"section\">\n\t\t\t\t\t\t<div class=\"elementor-container elementor-column-gap-default\">\n\t\t\t\t\t<div class=\"elementor-column elementor-col-100 elementor-top-column elementor-element elementor-element-b5f93c3\" data-id=\"b5f93c3\" data-element_type=\"column\">\n\t\t\t<div class=\"elementor-widget-wrap elementor-element-populated\">\n\t\t\t\t\t\t\t\t<div class=\"elementor-element elementor-element-51f6b867 elementor-widget elementor-widget-text-editor\" data-id=\"51f6b867\" data-element_type=\"widget\" data-widget_type=\"text-editor.default\">\n\t\t\t\t<div class=\"elementor-widget-container\">\n\t\t\t<style>\/*! elementor - v3.9.2 - 21-12-2022 *\/\n.elementor-widget-text-editor.elementor-drop-cap-view-stacked .elementor-drop-cap{background-color:#818a91;color:#fff}.elementor-widget-text-editor.elementor-drop-cap-view-framed .elementor-drop-cap{color:#818a91;border:3px solid;background-color:transparent}.elementor-widget-text-editor:not(.elementor-drop-cap-view-default) .elementor-drop-cap{margin-top:8px}.elementor-widget-text-editor:not(.elementor-drop-cap-view-default) .elementor-drop-cap-letter{width:1em;height:1em}.elementor-widget-text-editor .elementor-drop-cap{float:left;text-align:center;line-height:1;font-size:50px}.elementor-widget-text-editor .elementor-drop-cap-letter{display:inline-block}<\/style>\t\t\t\t<div class=\"cli_pg_page_contaner\"><h3>Sobre aquesta pol\u00edtica de cookies<\/h3><div>Aquesta Pol\u00edtica de galetes explica qu\u00e8 s\u00f3n les galetes i com les fem servir, els tipus de galetes que fem servir, \u00e9s a dir, la informaci\u00f3 que recopilem mitjan\u00e7ant les galetes i com s&#8217;utilitza aquesta informaci\u00f3 i com controlar les prefer\u00e8ncies de les galetes. Per obtenir m\u00e9s informaci\u00f3 sobre com utilitzem, emmagatzemem i mantenim les vostres dades personals segures, consulteu la nostra Pol\u00edtica de privadesa.\n\nEn qualsevol moment pot canviar o retirar el seu consentiment de la Declaraci\u00f3 de cookies del nostre lloc web\nObteniu m\u00e9s informaci\u00f3 sobre qui som, com podeu contactar amb nosaltres i com processem les dades personals a la nostra Pol\u00edtica de privadesa.\nEl vostre consentiment s&#8217;aplica als seg\u00fcents dominis: www.montsent-residence.com\n<div class=\"cli_user_consent_state\">L&#8217;estat actual: No s&#8217;ha donat consentiment. <a class=\"cli_manage_current_consent\" style=\"cursor:pointer;text-decoration:underline;\">Gestiona el consentiment.<\/a> <\/div><\/div><h3>Qu\u00e8 s\u00f3n les galetes?<\/h3><div>Les galetes s\u00f3n petits fitxers de text que s&#8217;utilitzen per emmagatzemar petites peces d&#8217;informaci\u00f3. S&#8217;emmagatzemen al vostre dispositiu quan el lloc web es carrega al vostre navegador. Aquestes cookies ens ajuden a fer que el lloc web funcioni correctament, a fer-lo m\u00e9s segur, a oferir una millor experi\u00e8ncia d&#8217;usuari i a entendre com funciona el lloc web i a analitzar qu\u00e8 funciona i on cal millorar.<\/div><h3>Com fem servir les cookies?<\/h3><div>Com la majoria dels serveis en l\u00ednia, el nostre lloc web utilitza cookies pr\u00f2pies i de tercers per a diversos prop\u00f2sits. Les galetes pr\u00f2pies s\u00f3n b\u00e0sicament necess\u00e0ries perqu\u00e8 el lloc web funcioni correctament i no recullen cap de les vostres dades d&#8217;identificaci\u00f3 personal.\n\nLes galetes de tercers que s&#8217;utilitzen al nostre lloc web s\u00f3n principalment per entendre com funciona el lloc web, com interactueu amb el nostre lloc web, mantenir els nostres serveis segurs, proporcionar anuncis que us siguin rellevants i, tot plegat, oferir-vos un usuari millor i millorat. experi\u00e8ncia i ajudeu a accelerar les vostres futures interaccions amb el nostre lloc web.<\/div><h3>Quins tipus de cookies utilitzem?<\/h3><div>Essencial: algunes galetes s\u00f3n essencials perqu\u00e8 pugueu gaudir de la funcionalitat completa del nostre lloc. Ens permeten mantenir les sessions dels usuaris i prevenir qualsevol amena\u00e7a de seguretat. No recullen ni emmagatzemen cap informaci\u00f3 personal. Per exemple, aquestes galetes us permeten iniciar sessi\u00f3 al vostre compte i afegir productes a la vostra cistella i fer la compra de manera segura.\n\nEstad\u00edstiques: aquestes cookies emmagatzemen informaci\u00f3 com el nombre de visitants al lloc web, el nombre de visitants \u00fanics, quines p\u00e0gines del lloc web s&#8217;han visitat, l&#8217;origen de la visita, etc. Aquestes dades ens ajuden a entendre i analitzar el bon rendiment del lloc web i on cal millorar.\n\nM\u00e0rqueting: el nostre lloc web mostra anuncis. Aquestes cookies s&#8217;utilitzen per personalitzar els anuncis que us mostrem perqu\u00e8 siguin significatius per a vosaltres. Aquestes galetes tamb\u00e9 ens ajuden a fer un seguiment de l&#8217;efici\u00e8ncia d&#8217;aquestes campanyes publicit\u00e0ries.\nLa informaci\u00f3 emmagatzemada en aquestes galetes tamb\u00e9 pot ser utilitzada pels prove\u00efdors d&#8217;anuncis de tercers per mostrar-vos anuncis en altres llocs web tamb\u00e9 al navegador.\n\nFuncionals: s\u00f3n les cookies que ajuden a determinades funcionalitats no essencials del nostre lloc web. Aquestes funcionalitats inclouen incrustar contingut com ara v\u00eddeos o compartir contingut del lloc web a plataformes de xarxes socials.\n\nPrefer\u00e8ncies: aquestes galetes ens ajuden a emmagatzemar la vostra configuraci\u00f3 i prefer\u00e8ncies de navegaci\u00f3, com ara les prefer\u00e8ncies d&#8217;idioma, perqu\u00e8 tingueu una experi\u00e8ncia millor i eficient en futures visites al lloc web.\n<\/div><h3>Com puc controlar les prefer\u00e8ncies de les galetes?<\/h3><div>Si decideixes canviar les teves prefer\u00e8ncies m\u00e9s tard durant la teva sessi\u00f3 de navegaci\u00f3, pots fer clic a la pestanya &#8220;Gestiona el consentiment&#8221; de la teva pantalla. Aix\u00f2 tornar\u00e0 a mostrar l&#8217;av\u00eds de consentiment que us permetr\u00e0 canviar les vostres prefer\u00e8ncies o retirar el vostre consentiment completament.\n\nA m\u00e9s d&#8217;aix\u00f2, diferents navegadors ofereixen diferents m\u00e8todes per bloquejar i eliminar les cookies utilitzades pels llocs web. Podeu canviar la configuraci\u00f3 del vostre navegador per bloquejar\/eliminar les cookies. Per obtenir m\u00e9s informaci\u00f3 sobre com gestionar i eliminar les galetes, visiteu wikipedia.org, www.allaboutcookies.org.<\/div><\/div>\t\t\t\t\t\t<\/div>\n\t\t\t\t<\/div>\n\t\t\t\t\t<\/div>\n\t\t<\/div>\n\t\t\t\t\t\t\t<\/div>\n\t\t<\/section>\n\t\t\t\t\t\t\t<\/div>\n\t\t","protected":false},"excerpt":{"rendered":"<p>Sobre aquesta pol\u00edtica de cookies Aquesta Pol\u00edtica de galetes explica qu\u00e8 s\u00f3n les galetes i com les fem servir, els tipus de galetes que fem servir, \u00e9s a dir, la informaci\u00f3 que recopilem mitjan\u00e7ant les galetes i com s&#8217;utilitza aquesta informaci\u00f3 i com controlar les prefer\u00e8ncies de les galetes. Per obtenir m\u00e9s informaci\u00f3 sobre com [&hellip;]<\/p>\n","protected":false},"author":1,"featured_media":0,"parent":0,"menu_order":0,"comment_status":"closed","ping_status":"closed","template":"","meta":[],"yoast_head":"<!-- This site is optimized with the Yoast SEO plugin v19.13 - https:\/\/yoast.com\/wordpress\/plugins\/seo\/ -->\n<title>Pol\u00edtica de cookies - RESID\u00c8NCIA EQUINA MONTSENT<\/title>\n<meta name=\"robots\" content=\"index, follow, max-snippet:-1, max-image-preview:large, max-video-preview:-1\" \/>\n<link rel=\"canonical\" href=\"https:\/\/www.montsent-residence.com\/ca\/politica-de-cookies\/\" \/>\n<meta property=\"og:locale\" content=\"ca_ES\" \/>\n<meta property=\"og:type\" content=\"article\" \/>\n<meta property=\"og:title\" content=\"Pol\u00edtica de cookies - RESID\u00c8NCIA EQUINA MONTSENT\" \/>\n<meta property=\"og:description\" content=\"Sobre aquesta pol\u00edtica de cookies Aquesta Pol\u00edtica de galetes explica qu\u00e8 s\u00f3n les galetes i com les fem servir, els tipus de galetes que fem servir, \u00e9s a dir, la informaci\u00f3 que recopilem mitjan\u00e7ant les galetes i com s&#8217;utilitza aquesta informaci\u00f3 i com controlar les prefer\u00e8ncies de les galetes. Per obtenir m\u00e9s informaci\u00f3 sobre com [&hellip;]\" \/>\n<meta property=\"og:url\" content=\"https:\/\/www.montsent-residence.com\/ca\/politica-de-cookies\/\" \/>\n<meta property=\"og:site_name\" content=\"RESID\u00c8NCIA EQUINA MONTSENT\" \/>\n<meta property=\"article:modified_time\" content=\"2023-07-26T15:11:34+00:00\" \/>\n<meta name=\"twitter:card\" content=\"summary_large_image\" \/>\n<meta name=\"twitter:label1\" content=\"Temps estimat de lectura\" \/>\n\t<meta name=\"twitter:data1\" content=\"4 minuts\" \/>\n<script type=\"application\/ld+json\" class=\"yoast-schema-graph\">{\"@context\":\"https:\/\/schema.org\",\"@graph\":[{\"@type\":\"WebPage\",\"@id\":\"https:\/\/www.montsent-residence.com\/ca\/politica-de-cookies\/\",\"url\":\"https:\/\/www.montsent-residence.com\/ca\/politica-de-cookies\/\",\"name\":\"Pol\u00edtica de cookies - RESID\u00c8NCIA EQUINA MONTSENT\",\"isPartOf\":{\"@id\":\"https:\/\/www.montsent-residence.com\/ca\/#website\"},\"datePublished\":\"2023-07-26T15:03:33+00:00\",\"dateModified\":\"2023-07-26T15:11:34+00:00\",\"breadcrumb\":{\"@id\":\"https:\/\/www.montsent-residence.com\/ca\/politica-de-cookies\/#breadcrumb\"},\"inLanguage\":\"ca\",\"potentialAction\":[{\"@type\":\"ReadAction\",\"target\":[\"https:\/\/www.montsent-residence.com\/ca\/politica-de-cookies\/\"]}]},{\"@type\":\"BreadcrumbList\",\"@id\":\"https:\/\/www.montsent-residence.com\/ca\/politica-de-cookies\/#breadcrumb\",\"itemListElement\":[{\"@type\":\"ListItem\",\"position\":1,\"name\":\"Home\",\"item\":\"https:\/\/www.montsent-residence.com\/ca\/inici\/\"},{\"@type\":\"ListItem\",\"position\":2,\"name\":\"Pol\u00edtica de cookies\"}]},{\"@type\":\"WebSite\",\"@id\":\"https:\/\/www.montsent-residence.com\/ca\/#website\",\"url\":\"https:\/\/www.montsent-residence.com\/ca\/\",\"name\":\"RESID\u00c8NCIA EQUINA MONTSENT\",\"description\":\"The Best Organic Wood-grazing Equine Residence\",\"publisher\":{\"@id\":\"https:\/\/www.montsent-residence.com\/ca\/#organization\"},\"potentialAction\":[{\"@type\":\"SearchAction\",\"target\":{\"@type\":\"EntryPoint\",\"urlTemplate\":\"https:\/\/www.montsent-residence.com\/ca\/?s={search_term_string}\"},\"query-input\":\"required name=search_term_string\"}],\"inLanguage\":\"ca\"},{\"@type\":\"Organization\",\"@id\":\"https:\/\/www.montsent-residence.com\/ca\/#organization\",\"name\":\"Montsent Equine Retirement\",\"url\":\"https:\/\/www.montsent-residence.com\/ca\/\",\"logo\":{\"@type\":\"ImageObject\",\"inLanguage\":\"ca\",\"@id\":\"https:\/\/www.montsent-residence.com\/ca\/#\/schema\/logo\/image\/\",\"url\":\"https:\/\/www.montsent-residence.com\/wp-content\/uploads\/2022\/06\/Captura-de-Pantalla-2022-06-27-a-las-12.53.17.png\",\"contentUrl\":\"https:\/\/www.montsent-residence.com\/wp-content\/uploads\/2022\/06\/Captura-de-Pantalla-2022-06-27-a-las-12.53.17.png\",\"width\":697,\"height\":700,\"caption\":\"Montsent Equine Retirement\"},\"image\":{\"@id\":\"https:\/\/www.montsent-residence.com\/ca\/#\/schema\/logo\/image\/\"}}]}<\/script>\n<!-- \/ Yoast SEO plugin. -->","yoast_head_json":{"title":"Pol\u00edtica de cookies - RESID\u00c8NCIA EQUINA MONTSENT","robots":{"index":"index","follow":"follow","max-snippet":"max-snippet:-1","max-image-preview":"max-image-preview:large","max-video-preview":"max-video-preview:-1"},"canonical":"https:\/\/www.montsent-residence.com\/ca\/politica-de-cookies\/","og_locale":"ca_ES","og_type":"article","og_title":"Pol\u00edtica de cookies - RESID\u00c8NCIA EQUINA MONTSENT","og_description":"Sobre aquesta pol\u00edtica de cookies Aquesta Pol\u00edtica de galetes explica qu\u00e8 s\u00f3n les galetes i com les fem servir, els tipus de galetes que fem servir, \u00e9s a dir, la informaci\u00f3 que recopilem mitjan\u00e7ant les galetes i com s&#8217;utilitza aquesta informaci\u00f3 i com controlar les prefer\u00e8ncies de les galetes. Per obtenir m\u00e9s informaci\u00f3 sobre com [&hellip;]","og_url":"https:\/\/www.montsent-residence.com\/ca\/politica-de-cookies\/","og_site_name":"RESID\u00c8NCIA EQUINA MONTSENT","article_modified_time":"2023-07-26T15:11:34+00:00","twitter_card":"summary_large_image","twitter_misc":{"Temps estimat de lectura":"4 minuts"},"schema":{"@context":"https:\/\/schema.org","@graph":[{"@type":"WebPage","@id":"https:\/\/www.montsent-residence.com\/ca\/politica-de-cookies\/","url":"https:\/\/www.montsent-residence.com\/ca\/politica-de-cookies\/","name":"Pol\u00edtica de cookies - RESID\u00c8NCIA EQUINA MONTSENT","isPartOf":{"@id":"https:\/\/www.montsent-residence.com\/ca\/#website"},"datePublished":"2023-07-26T15:03:33+00:00","dateModified":"2023-07-26T15:11:34+00:00","breadcrumb":{"@id":"https:\/\/www.montsent-residence.com\/ca\/politica-de-cookies\/#breadcrumb"},"inLanguage":"ca","potentialAction":[{"@type":"ReadAction","target":["https:\/\/www.montsent-residence.com\/ca\/politica-de-cookies\/"]}]},{"@type":"BreadcrumbList","@id":"https:\/\/www.montsent-residence.com\/ca\/politica-de-cookies\/#breadcrumb","itemListElement":[{"@type":"ListItem","position":1,"name":"Home","item":"https:\/\/www.montsent-residence.com\/ca\/inici\/"},{"@type":"ListItem","position":2,"name":"Pol\u00edtica de cookies"}]},{"@type":"WebSite","@id":"https:\/\/www.montsent-residence.com\/ca\/#website","url":"https:\/\/www.montsent-residence.com\/ca\/","name":"RESID\u00c8NCIA EQUINA MONTSENT","description":"The Best Organic Wood-grazing Equine Residence","publisher":{"@id":"https:\/\/www.montsent-residence.com\/ca\/#organization"},"potentialAction":[{"@type":"SearchAction","target":{"@type":"EntryPoint","urlTemplate":"https:\/\/www.montsent-residence.com\/ca\/?s={search_term_string}"},"query-input":"required name=search_term_string"}],"inLanguage":"ca"},{"@type":"Organization","@id":"https:\/\/www.montsent-residence.com\/ca\/#organization","name":"Montsent Equine Retirement","url":"https:\/\/www.montsent-residence.com\/ca\/","logo":{"@type":"ImageObject","inLanguage":"ca","@id":"https:\/\/www.montsent-residence.com\/ca\/#\/schema\/logo\/image\/","url":"https:\/\/www.montsent-residence.com\/wp-content\/uploads\/2022\/06\/Captura-de-Pantalla-2022-06-27-a-las-12.53.17.png","contentUrl":"https:\/\/www.montsent-residence.com\/wp-content\/uploads\/2022\/06\/Captura-de-Pantalla-2022-06-27-a-las-12.53.17.png","width":697,"height":700,"caption":"Montsent Equine Retirement"},"image":{"@id":"https:\/\/www.montsent-residence.com\/ca\/#\/schema\/logo\/image\/"}}]}},"_links":{"self":[{"href":"https:\/\/www.montsent-residence.com\/ca\/wp-json\/wp\/v2\/pages\/1325"}],"collection":[{"href":"https:\/\/www.montsent-residence.com\/ca\/wp-json\/wp\/v2\/pages"}],"about":[{"href":"https:\/\/www.montsent-residence.com\/ca\/wp-json\/wp\/v2\/types\/page"}],"author":[{"embeddable":true,"href":"https:\/\/www.montsent-residence.com\/ca\/wp-json\/wp\/v2\/users\/1"}],"replies":[{"embeddable":true,"href":"https:\/\/www.montsent-residence.com\/ca\/wp-json\/wp\/v2\/comments?post=1325"}],"version-history":[{"count":3,"href":"https:\/\/www.montsent-residence.com\/ca\/wp-json\/wp\/v2\/pages\/1325\/revisions"}],"predecessor-version":[{"id":1328,"href":"https:\/\/www.montsent-residence.com\/ca\/wp-json\/wp\/v2\/pages\/1325\/revisions\/1328"}],"wp:attachment":[{"href":"https:\/\/www.montsent-residence.com\/ca\/wp-json\/wp\/v2\/media?parent=1325"}],"curies":[{"name":"wp","href":"https:\/\/api.w.org\/{rel}","templated":true}]}}